{"id":28258,"date":"2023-09-17T16:13:16","date_gmt":"2023-09-17T16:13:16","guid":{"rendered":"https:\/\/xebia.com\/academy\/nl\/leerreizen\/"},"modified":"2023-12-06T16:03:16","modified_gmt":"2023-12-06T14:03:16","slug":"learning-journeys","status":"publish","type":"page","link":"https:\/\/academy.xebia.com\/nl\/learning-journeys\/","title":{"rendered":"Learning Journeys"},"content":{"rendered":"\n<div \n\tclass=\"wrapper\" \n\tdata-id=\"7bf6087b\" \n\tdata-bg-on-inner=\"false\" \n\t>\n\t\t\n\t\t\t<div class=\"wrapper__inner\">\n\t\t\t\n<div class=\"block-group-hero js-group-hero\" data-id=\"44152e0c\">\n\t\t<div class=\"block-group-hero__background\">\n\t\t<div class=\"hero-theme block-group-hero__hero-theme\" data-id=\"9ff9082d\">\n\t\n\t<div class=\"hero-theme__background\">\n\t\t\n\t<\/div>\n<\/div>\t<\/div>\n\t<div class=\"block-group-hero__content\">\n\t\t\n\n<div \n\tclass=\"wrapper wrapper--simple\" \n\tdata-id=\"11b524f8\" \n\tdata-bg-on-inner=\"false\" \n\t>\n\t\t\n\t\t\t<div class=\"wrapper__inner\">\n\t\t\t\n<div class=\"block-columns\" data-id=\"09a20ac4\">\n\t\n\n<div class=\"block-column\" data-id=\"69b2a9a4\">\n\t\n\n<div \n\tclass=\"wrapper wrapper--simple\" \n\tdata-id=\"43462258\" \n\tdata-bg-on-inner=\"false\" \n\t>\n\t\t\n\t\t\t<div class=\"wrapper__inner\">\n\t\t\t\n<div class=\"block-heading\" data-id=\"b7f7cff8\">\n\t<h1\tclass=\"heading block-heading__heading\"\n\tdata-id=\"a051fac6\"\n>\n\tAl onze learning journeys<\/h1><\/div>\n\t\t<\/div>\n\t<\/div>\n\n\n\n<div \n\tclass=\"wrapper wrapper--simple\" \n\tdata-id=\"3d97353e\" \n\tdata-bg-on-inner=\"false\" \n\t>\n\t\t\n\t\t\t<div class=\"wrapper__inner\">\n\t\t\t\n<div class=\"block-paragraph\" data-id=\"4a848c53\">\n\t<p class=\"paragraph block-paragraph__paragraph\" data-id=\"bccad86b\">\n\tWaarom zou je stoppen met leren na het volgen van slechts \u00e9\u00e9n training? Bekijk onze learning journeys en ontdek welke trainingen jou kunnen helpen om jouw carri\u00e8re vooruit te helpen.  <\/p><\/div>\n\t\t<\/div>\n\t<\/div>\n\n<\/div>\n\n<\/div>\n\t\t<\/div>\n\t<\/div>\n\n\t<\/div>\n<\/div>\t\t<\/div>\n\t<\/div>\n\n\n\n<div \n\tclass=\"wrapper\" \n\tdata-id=\"44e12cc0\" \n\tdata-bg-on-inner=\"false\" \n\t>\n\t\t\n\t\t\t<div class=\"wrapper__inner\">\n\t\t\t\n<div class=\"block-heading\" data-id=\"2d761194\">\n\t<h2\tclass=\"heading block-heading__heading\"\n\tdata-id=\"fb0f9fc0\"\n>\n\tAlle journeys<\/h2><\/div>\n\t\t<\/div>\n\t<\/div>\n\n\n\n<div \n\tclass=\"wrapper\" \n\tdata-id=\"7eed540a\" \n\tdata-bg-on-inner=\"false\" \n\t>\n\t\t\n\t\t\t<div class=\"wrapper__inner\">\n\t\t\t\n<div class=\"block-columns\" data-id=\"15815f8c\">\n\t\n\n<div class=\"block-column\" data-id=\"d8bde086\">\n\t\n\n<div \n\tclass=\"wrapper wrapper--simple\" \n\tdata-id=\"bea2d671\" \n\tdata-bg-on-inner=\"false\" \n\t>\n\t\t\n\t\t\t<div class=\"wrapper__inner\">\n\t\t\t\n<div class=\"block-paragraph\" data-id=\"35f5725f\">\n\t<p class=\"paragraph block-paragraph__paragraph\" data-id=\"994b52f7\">\n\tKrijg een beter inzicht in welke mogelijkheden je hebt om jouw carri\u00e8re\u00a0verder te brengen. Vind het carri\u00e8repad dat bij je past en leer de skills om je verder te ontwikkelen.<\/p><\/div>\n\t\t<\/div>\n\t<\/div>\n\n<\/div>\n\n<\/div>\n\t\t<\/div>\n\t<\/div>\n\n\n\n<div \n\tclass=\"wrapper\" \n\tdata-id=\"b3e1d15e\" \n\tdata-bg-on-inner=\"false\" \n\t>\n\t\t\n\t\t\t<div class=\"wrapper__inner\">\n\t\t\t\n<div class=\"block-columns\" data-id=\"1b249c75\">\n\t\n\n<div class=\"block-column\" data-id=\"11d4608a\">\n\t\n\n<div \n\tclass=\"wrapper wrapper--simple\" \n\tdata-id=\"d5aa9181\" \n\tdata-bg-on-inner=\"false\" \n\t>\n\t\t\n\t\t\t<div class=\"wrapper__inner\">\n\t\t\t<div class=\"card-simple block-card__card-simple\" data-id=\"6d7b3964\">\n\t<picture class=\"image card-simple__image\" data-id=\"d66db712\">\n\n\t\n\t\n\t<img\n\t\tsrc=\"\/academy\/wp-content\/uploads\/sites\/4\/2023\/08\/Header-option-28.jpg\"\n\t\talt=\"Analytics Engineer Learning Journey | Xebia Academy\"\n\t\tclass=\"image__img card-simple__image-img\"\n\t\/>\n<\/picture>\n\t<div class=\"card-simple__two-column\">\n\t\t<div class=\"card-simple__content\">\n\t\t\t<h2\tclass=\"heading card-simple__heading\"\n\tdata-id=\"197507f6\"\n>\n\tAnalytics Engineer<\/h2><p class=\"paragraph card-simple__paragraph\" data-id=\"acfb59d4\">\n\tWerk je in een bedrijf dat data en AI gebruikt? En wil je een centrale rol spelen in deze processen? Ontwikkel dan de vaardigheden om zakelijke uitdagingen te vertalen naar analytische use cases. Ontwikkel hier je vaardigheden als analytisch vertaler.<br><\/p>\t\t<\/div>\n\t\t<div class=\"card-simple__call2action\">\n\t\t\t<a\tclass=\"btn card-simple__btn\"\n\ttitle=\"Bekijk case\"data-id=\"04b2ad51\"href=\"https:\/\/academy.xebia.com\/nl\/learning-journeys\/analytics-engineer-learning-journey\/\">\n\t\n\t\t\t<span>Bekijk case<\/span>\n\t\n\t<\/a>\t\t<\/div>\n\t<\/div>\n<\/div>\t\t<\/div>\n\t<\/div>\n\n<\/div>\n\n\n\n<div class=\"block-column\" data-id=\"1867ca81\">\n\t\n\n<div \n\tclass=\"wrapper wrapper--simple\" \n\tdata-id=\"16f35055\" \n\tdata-bg-on-inner=\"false\" \n\t>\n\t\t\n\t\t\t<div class=\"wrapper__inner\">\n\t\t\t<div class=\"card-simple block-card__card-simple\" data-id=\"c3338f2d\">\n\t<picture class=\"image card-simple__image\" data-id=\"08b514df\">\n\n\t\n\t\n\t<img\n\t\tsrc=\"https:\/\/academy.xebia.com\/wp-content\/uploads\/sites\/4\/2023\/09\/Xebia-Stock-28_2560.jpg\"\n\t\talt=\"Learning Translator Learning Journey | Xebia Academy\"\n\t\tclass=\"image__img card-simple__image-img\"\n\t\/>\n<\/picture>\n\t<div class=\"card-simple__two-column\">\n\t\t<div class=\"card-simple__content\">\n\t\t\t<h2\tclass=\"heading card-simple__heading\"\n\tdata-id=\"be5ef04f\"\n>\n\tAnalytics Translator<\/h2><p class=\"paragraph card-simple__paragraph\" data-id=\"17e4e259\">\n\tWil je meer leren over de nieuwste tools van de Modern Data Stack om je te helpen analytische toepassingen op schaal te bouwen? Tools zoals Fivetrand, dbt of Power BI zullen de manier waarop je analyses uitvoert in je bedrijf volledig veranderen.<br><\/p>\t\t<\/div>\n\t\t<div class=\"card-simple__call2action\">\n\t\t\t<a\tclass=\"btn card-simple__btn\"\n\ttitle=\"Bekijk case\"data-id=\"5cb1df39\"href=\"https:\/\/academy.xebia.com\/nl\/learning-journeys\/analytics-vertaler-leerreis\/\">\n\t\n\t\t\t<span>Bekijk case<\/span>\n\t\n\t<\/a>\t\t<\/div>\n\t<\/div>\n<\/div>\t\t<\/div>\n\t<\/div>\n\n<\/div>\n\n\n\n<div class=\"block-column\" data-id=\"aaeecd70\">\n\t\n\n<div \n\tclass=\"wrapper wrapper--simple\" \n\tdata-id=\"182d2ad4\" \n\tdata-bg-on-inner=\"false\" \n\t>\n\t\t\n\t\t\t<div class=\"wrapper__inner\">\n\t\t\t<div class=\"card-simple block-card__card-simple\" data-id=\"c70b1982\">\n\t<picture class=\"image card-simple__image\" data-id=\"336d14b3\">\n\n\t\n\t\n\t<img\n\t\tsrc=\"\/academy\/wp-content\/uploads\/sites\/4\/2023\/08\/Header-option-5.jpg\"\n\t\talt=\"Data Analyst Learning Journey | Xebia Academy\"\n\t\tclass=\"image__img card-simple__image-img\"\n\t\/>\n<\/picture>\n\t<div class=\"card-simple__two-column\">\n\t\t<div class=\"card-simple__content\">\n\t\t\t<h2\tclass=\"heading card-simple__heading\"\n\tdata-id=\"f09790b8\"\n>\n\tData Analyst<\/h2><p class=\"paragraph card-simple__paragraph\" data-id=\"97718841\">\n\tLeer data en databases te verkennen. Maak grafieken, dashboards en rapporten om te controleren of je KPI&#8217;s op schema liggen. Automatiseer eenvoudige data workflows en maak een einde aan al het handmatige werk dat komt kijken bij het bijhouden van bijgewerkte Excel-sheets.<\/p>\t\t<\/div>\n\t\t<div class=\"card-simple__call2action\">\n\t\t\t<a\tclass=\"btn card-simple__btn\"\n\ttitle=\"Bekijk case\"data-id=\"1dd8f829\"href=\"https:\/\/academy.xebia.com\/nl\/learning-journeys\/leerreis-gegevensanalist\/\">\n\t\n\t\t\t<span>Bekijk case<\/span>\n\t\n\t<\/a>\t\t<\/div>\n\t<\/div>\n<\/div>\t\t<\/div>\n\t<\/div>\n\n<\/div>\n\n\n\n<div class=\"block-column\" data-id=\"b9428988\">\n\t\n\n<div \n\tclass=\"wrapper wrapper--simple\" \n\tdata-id=\"4a18dfc5\" \n\tdata-bg-on-inner=\"false\" \n\t>\n\t\t\n\t\t\t<div class=\"wrapper__inner\">\n\t\t\t<div class=\"card-simple block-card__card-simple\" data-id=\"db09b74c\">\n\t<picture class=\"image card-simple__image\" data-id=\"d4972c5b\">\n\n\t\n\t\n\t<img\n\t\tsrc=\"\/academy\/wp-content\/uploads\/sites\/4\/2023\/08\/Header-option-27.jpg\"\n\t\talt=\"Data Engineer Learning Journey | Xebia Academy\"\n\t\tclass=\"image__img card-simple__image-img\"\n\t\/>\n<\/picture>\n\t<div class=\"card-simple__two-column\">\n\t\t<div class=\"card-simple__content\">\n\t\t\t<h2\tclass=\"heading card-simple__heading\"\n\tdata-id=\"44bd0225\"\n>\n\tData Engineer<\/h2><p class=\"paragraph card-simple__paragraph\" data-id=\"347e1108\">\n\tLeer hoe je data- en AI-concepten van concept naar prototype en production-ready toepassing brengt. Verwerf de vaardigheden om met gemak veilige en betrouwbare Data en AI-oplossingen op bedrijfsschaal te ontwikkelen en uit te voeren!  <\/p>\t\t<\/div>\n\t\t<div class=\"card-simple__call2action\">\n\t\t\t<a\tclass=\"btn card-simple__btn\"\n\ttitle=\"Bekijk case\"data-id=\"6d1901a1\"href=\"https:\/\/academy.xebia.com\/nl\/learning-journeys\/leerreis-data-engineer\/\">\n\t\n\t\t\t<span>Bekijk case<\/span>\n\t\n\t<\/a>\t\t<\/div>\n\t<\/div>\n<\/div>\t\t<\/div>\n\t<\/div>\n\n<\/div>\n\n\n\n<div class=\"block-column\" data-id=\"cd15d501\">\n\t\n\n<div \n\tclass=\"wrapper wrapper--simple\" \n\tdata-id=\"77cf76c4\" \n\tdata-bg-on-inner=\"false\" \n\t>\n\t\t\n\t\t\t<div class=\"wrapper__inner\">\n\t\t\t<div class=\"card-simple block-card__card-simple\" data-id=\"12c52eb0\">\n\t<picture class=\"image card-simple__image\" data-id=\"75da12a8\">\n\n\t\n\t\n\t<img\n\t\tsrc=\"\/academy\/wp-content\/uploads\/sites\/4\/2023\/08\/Header-option-10.jpg\"\n\t\talt=\"Data Science Engineer Learning Journey | Xebia Academy\"\n\t\tclass=\"image__img card-simple__image-img\"\n\t\/>\n<\/picture>\n\t<div class=\"card-simple__two-column\">\n\t\t<div class=\"card-simple__content\">\n\t\t\t<h2\tclass=\"heading card-simple__heading\"\n\tdata-id=\"25173018\"\n>\n\tData Scientist<\/h2><p class=\"paragraph card-simple__paragraph\" data-id=\"a7b892c1\">\n\tDoor onze consultancy hebben we uit eerste hand ervaren wat werkt en wat niet. In een snelle (virtuele) klassikale training leer je alle ins en outs van de data science-modellen en data science use cases die het meest voorkomen in de praktijk.<\/p>\t\t<\/div>\n\t\t<div class=\"card-simple__call2action\">\n\t\t\t<a\tclass=\"btn card-simple__btn\"\n\ttitle=\"Bekijk case\"data-id=\"4ec5e6fa\"href=\"https:\/\/academy.xebia.com\/nl\/learning-journeys\/data-scientist-learning-journey\/\">\n\t\n\t\t\t<span>Bekijk case<\/span>\n\t\n\t<\/a>\t\t<\/div>\n\t<\/div>\n<\/div>\t\t<\/div>\n\t<\/div>\n\n<\/div>\n\n\n\n<div class=\"block-column\" data-id=\"010d1c6b\">\n\t\n\n<div \n\tclass=\"wrapper wrapper--simple\" \n\tdata-id=\"c9d51de4\" \n\tdata-bg-on-inner=\"false\" \n\t>\n\t\t\n\t\t\t<div class=\"wrapper__inner\">\n\t\t\t<div class=\"card-simple block-card__card-simple\" data-id=\"49ac5f24\">\n\t<picture class=\"image card-simple__image\" data-id=\"efcebf62\">\n\n\t\n\t\n\t<img\n\t\tsrc=\"\/academy\/wp-content\/uploads\/sites\/4\/2023\/08\/Header-option-7.jpg\"\n\t\talt=\" Machine Learning Engineer Learning Journey | Xebia Academy\"\n\t\tclass=\"image__img card-simple__image-img\"\n\t\/>\n<\/picture>\n\t<div class=\"card-simple__two-column\">\n\t\t<div class=\"card-simple__content\">\n\t\t\t<h2\tclass=\"heading card-simple__heading\"\n\tdata-id=\"e4fa768f\"\n>\n\tMachine Learning Engineer<\/h2><p class=\"paragraph card-simple__paragraph\" data-id=\"9376f86b\">\n\tEen Machine Learning Engineer (MLE) worden is verre van triviaal. Daarom hebben we verschillende MLE-leertrajecten ontworpen die zich richten op de belangrijkste concepten en kerntechnologie\u00ebn, die ideale startpunten bieden voor zowel aspirant- als ervaren MLE&#8217;s.<\/p>\t\t<\/div>\n\t\t<div class=\"card-simple__call2action\">\n\t\t\t<a\tclass=\"btn card-simple__btn\"\n\ttitle=\"Bekijk case\"data-id=\"6afa8b48\"href=\"https:\/\/academy.xebia.com\/nl\/learning-journeys\/machine-learning-engineer-learning-journey\/\">\n\t\n\t\t\t<span>Bekijk case<\/span>\n\t\n\t<\/a>\t\t<\/div>\n\t<\/div>\n<\/div>\t\t<\/div>\n\t<\/div>\n\n<\/div>\n\n<\/div>\n\t\t<\/div>\n\t<\/div>\n","protected":false},"excerpt":{"rendered":"<p>Waarom stoppen met leren na het volgen van slechts \u00e9\u00e9n training? Bekijk onze leertrajecten en maak vorderingen met je carri\u00e8re.  <\/p>\n","protected":false},"author":2,"featured_media":2008,"parent":0,"menu_order":0,"comment_status":"closed","ping_status":"closed","template":"","meta":{"_acf_changed":false,"footnotes":""},"class_list":["post-28258","page","type-page","status-publish","has-post-thumbnail","hentry"],"acf":[],"_links":{"self":[{"href":"https:\/\/academy.xebia.com\/nl\/wp-json\/wp\/v2\/pages\/28258","targetHints":{"allow":["GET"]}}],"collection":[{"href":"https:\/\/academy.xebia.com\/nl\/wp-json\/wp\/v2\/pages"}],"about":[{"href":"https:\/\/academy.xebia.com\/nl\/wp-json\/wp\/v2\/types\/page"}],"author":[{"embeddable":true,"href":"https:\/\/academy.xebia.com\/nl\/wp-json\/wp\/v2\/users\/2"}],"replies":[{"embeddable":true,"href":"https:\/\/academy.xebia.com\/nl\/wp-json\/wp\/v2\/comments?post=28258"}],"version-history":[{"count":15,"href":"https:\/\/academy.xebia.com\/nl\/wp-json\/wp\/v2\/pages\/28258\/revisions"}],"predecessor-version":[{"id":32528,"href":"https:\/\/academy.xebia.com\/nl\/wp-json\/wp\/v2\/pages\/28258\/revisions\/32528"}],"wp:featuredmedia":[{"embeddable":true,"href":"https:\/\/academy.xebia.com\/nl\/wp-json\/wp\/v2\/media\/2008"}],"wp:attachment":[{"href":"https:\/\/academy.xebia.com\/nl\/wp-json\/wp\/v2\/media?parent=28258"}],"curies":[{"name":"wp","href":"https:\/\/api.w.org\/{rel}","templated":true}]}}