{"id":1963,"date":"2025-07-14T12:37:07","date_gmt":"2025-07-14T12:37:07","guid":{"rendered":"https:\/\/academy.xebia.com\/ch\/kontaktieren-sie-uns\/"},"modified":"2025-10-22T12:08:41","modified_gmt":"2025-10-22T12:08:41","slug":"kontaktieren-sie-uns","status":"publish","type":"page","link":"https:\/\/academy.xebia.com\/ch\/de\/kontaktieren-sie-uns\/","title":{"rendered":"Kontaktieren Sie uns"},"content":{"rendered":"\n<div \n\tclass=\"wrapper\" \n\tdata-id=\"e395a7e2\" \n\tdata-bg-on-inner=\"false\" \n\t>\n\t\t\n\t\t\t<div class=\"wrapper__inner\">\n\t\t\t\n<div class=\"block-columns\" data-id=\"3e2ab32a\">\n\t\n\n<div class=\"block-column\" data-id=\"6146448f\">\n\t\n\n<div \n\tclass=\"wrapper wrapper--simple\" \n\tdata-id=\"a70c56d2\" \n\tdata-bg-on-inner=\"false\" \n\t>\n\t\t\n\t\t\t<div class=\"wrapper__inner\">\n\t\t\t\n<div class=\"block-heading\" data-id=\"9fca07c9\">\n\t<h1\tclass=\"heading block-heading__heading\"\n\tdata-id=\"2bb0ff4c\"\n>\n\tKontaktieren Sie uns<\/h1><\/div>\n\t\t<\/div>\n\t<\/div>\n\n<\/div>\n\n<\/div>\n\t\t<\/div>\n\t<\/div>\n\n<div \n\tclass=\"wrapper\" \n\tdata-id=\"d196a142\" \n\tdata-bg-on-inner=\"false\" \n\tid=&quot; contact&quot;>\n\t\t\t\t<div class=\"wrapper__anchor\" id=\"contact\">\n\t\t<\/div>\n\t\n\t\t\t<div class=\"wrapper__inner\">\n\t\t\t\n<div class=\"block-group\" data-id=\"f36b4bba\">\n\t\n\n<div \n\tclass=\"wrapper wrapper--simple\" \n\tdata-id=\"39c6f607\" \n\tdata-bg-on-inner=\"false\" \n\t>\n\t\t\n\t\t\t<div class=\"wrapper__inner\">\n\t\t\t\n<div class=\"block-columns\" data-id=\"4d135350\">\n\t\n\n<div class=\"block-column\" data-id=\"a99b3922\">\n\t\n\n<div \n\tclass=\"wrapper wrapper--simple\" \n\tdata-id=\"e74ee555\" \n\tdata-bg-on-inner=\"false\" \n\t>\n\t\t\n\t\t\t<div class=\"wrapper__inner\">\n\t\t\t\n<div class=\"block-heading\" data-id=\"6d0f51b8\">\n\t<h2\tclass=\"heading block-heading__heading\"\n\tdata-id=\"0aeaa59c\"\n>\n\tHaben Sie Fragen?<\/h2><\/div>\n\t\t<\/div>\n\t<\/div>\n\n\n\n<div \n\tclass=\"wrapper wrapper--simple\" \n\tdata-id=\"e84e4967\" \n\tdata-bg-on-inner=\"false\" \n\t>\n\t\t\n\t\t\t<div class=\"wrapper__inner\">\n\t\t\t\n<div class=\"block-paragraph\" data-id=\"9c9ab749\">\n\t<p class=\"paragraph block-paragraph__paragraph\" data-id=\"d0ca173f\">\n\tDer Service, den wir anbieten, ist eine stolze Grundlage f\u00fcr alles, was wir tun. Haben Sie eine Frage zu einem Trainingskurs? Suchen Sie eine Wegbeschreibung zu unseren Schulungsorten? M\u00f6chten Sie einen Termin verschieben? Oder m\u00f6chten Sie \u00fcber den Sinn des Lebens sprechen?      <\/p><\/div>\n\t\t<\/div>\n\t<\/div>\n\n\n\n<div \n\tclass=\"wrapper wrapper--simple\" \n\tdata-id=\"0b27ceaa\" \n\tdata-bg-on-inner=\"false\" \n\t>\n\t\t\n\t\t\t<div class=\"wrapper__inner\">\n\t\t\t\n<div class=\"block-paragraph\" data-id=\"d3fe73ef\">\n\t<p class=\"paragraph block-paragraph__paragraph\" data-id=\"241575e1\">\n\tSprechen Sie uns einfach an. Wir helfen Ihnen gerne weiter und werden Ihre Nachricht innerhalb von einem Werktag beantworten.  <\/p><\/div>\n\t\t<\/div>\n\t<\/div>\n\n<\/div>\n\n\n\n<div class=\"block-column\" data-id=\"d9dd4ec1\">\n\t\n\n<div \n\tclass=\"wrapper wrapper--simple\" \n\tdata-id=\"f4f54d37\" \n\tdata-bg-on-inner=\"false\" \n\t>\n\t\t\n\t\t\t<div class=\"wrapper__inner\">\n\t\t\t<div\n\tclass=\"block-form-embedded js-block-form-embedded\"\n\tdata-form-id=\"16d8891e-b5ab-4887-b8a6-bc01f9d7c548\"\n\tdata-analytics-category=\"contact_form\"\n>\n\t<script>\n\thbspt.forms.create({\n\t\tregion: \"na1\",\n\t\tportalId: \"697348\",\n\t\tformId: \"16d8891e-b5ab-4887-b8a6-bc01f9d7c548\"\n\t});\n\t<\/script>\n<\/div>\n\t\t<\/div>\n\t<\/div>\n\n<\/div>\n\n\n\n<div class=\"block-column\" data-id=\"2e0c859f\">\n\t<\/div>\n\n<\/div>\n\t\t<\/div>\n\t<\/div>\n\n<\/div>\t\t<\/div>\n\t<\/div>\n\n<div \n\tclass=\"wrapper\" \n\tdata-id=\"d3a7dfad\" \n\tdata-bg-on-inner=\"false\" \n\t>\n\t\t\n\t\t\t<div class=\"wrapper__inner\">\n\t\t\t<div class=\"two-panel-cta block-two-panel-cta__two-panel-cta\" data-id=\"e1a3f7cd\">\n\t\n\t<div class=\"two-panel-cta__left-panel\">\n\t\t<h2\tclass=\"heading two-panel-cta__heading\"\n\tdata-id=\"6a472b2a\"\n>\n\tXebia Akademy<\/h2>\n\t\t<div class=\"two-panel-cta__description\">\n\t\t\t<p class=\"paragraph two-panel-cta__paragraph\" data-id=\"bcee05b3\">\n\t<strong>Hauptsitz<\/strong><br>Talstrasse 41<br>8001 Z\u00fcrich<br><a href=\"tel:+41%2043%20288%2088%2055\">+41 (0)43 288 88 55<\/a><\/p>\t\t\t<div class=\"two-panel-cta__cta-button\">\n\t\t\t\t\t\t\t<\/div>\n\t\t<\/div>\n\t<\/div>\n\t<div class=\"two-panel-cta__right-panel\">\n\t\t<h2\tclass=\"heading two-panel-cta__heading\"\n\tdata-id=\"778c4d40\"\n>\n\tW\u00fcnschen Sie eine Durchf\u00fchrung vor Ort?<\/h2>\n\t\t<div class=\"two-panel-cta__description\">\n\t\t<p class=\"paragraph two-panel-cta__paragraph\" data-id=\"7d1d5d8c\">\n\tRufen Sie uns an oder f\u00fcllen Sie das Kontaktformular aus, um weitere Informationen \u00fcber ein ma\u00dfgeschneidertes Lernprogramm zu erhalten. Wir helfen Ihnen gerne weiter! <br><\/p>\t\t<div class=\"two-panel-cta__cta-button\">\n\t\t\t<a\tclass=\"btn two-panel-cta__btn\"\n\ttitle=\"Mehr erfahren\"data-id=\"3cf4f1ac\"href=\"https:\/\/academy.xebia.com\/ch\/upskilling\/\">\n\t\n\t\t\t<span>Mehr erfahren<\/span>\n\t\n\t<\/a>\t\t<\/div>\n\t\t<\/div>\n\t<\/div>\n<\/div>\t\t<\/div>\n\t<\/div>\n\n<div \n\tclass=\"wrapper\" \n\tdata-id=\"2e12d416\" \n\tdata-bg-on-inner=\"false\" \n\t>\n\t\t\n\t\t\t<div class=\"wrapper__inner\">\n\t\t\t\n<div class=\"block-columns\" data-id=\"b16252d5\">\n\t\n\n<div class=\"block-column\" data-id=\"df3a2a9f\">\n\t\n\n<div \n\tclass=\"wrapper wrapper--simple\" \n\tdata-id=\"b82008c5\" \n\tdata-bg-on-inner=\"false\" \n\t>\n\t\t\n\t\t\t<div class=\"wrapper__inner\">\n\t\t\t<div class=\"card-simple block-card__card-simple\" data-id=\"8d1b71ab\">\n\t<picture class=\"image card-simple__image\" data-id=\"3ffdcf93\">\n\n\t\n\t\n\t<img\n\t\tsrc=\"\/wp-content\/uploads\/sites\/19\/2025\/07\/Zurich-ranked-fifth-in-Europes-Best-Cities-2023.png\"\n\t\talt=\"Xebia Academy Amsterdam\"\n\t\tclass=\"image__img card-simple__image-img\"\n\t\/>\n<\/picture>\n\t<div class=\"card-simple__two-column\">\n\t\t<div class=\"card-simple__content\">\n\t\t\t<h2\tclass=\"heading card-simple__heading\"\n\tdata-id=\"e9971e41\"\n>\n\tB\u00fcro Z\u00fcrich<\/h2><p class=\"paragraph card-simple__paragraph\" data-id=\"80acafb9\">\n\tUnser Xebia-B\u00fcro in Z\u00fcrich bringt Sie in das pulsierende Herz der Stadt und bietet Ihnen eine dynamische und inspirierende Schulungserfahrung. <\/p>\t\t<\/div>\n\t\t<div class=\"card-simple__call2action\">\n\t\t\t\t\t<\/div>\n\t<\/div>\n<\/div>\t\t<\/div>\n\t<\/div>\n\n<\/div>\n\n\n\n<div class=\"block-column\" data-id=\"0efae949\">\n\t\n\n<div \n\tclass=\"wrapper wrapper--simple\" \n\tdata-id=\"1998ef58\" \n\tdata-bg-on-inner=\"false\" \n\t>\n\t\t\n\t\t\t<div class=\"wrapper__inner\">\n\t\t\t<div class=\"card-simple block-card__card-simple\" data-id=\"4766a290\">\n\t<picture class=\"image card-simple__image\" data-id=\"0c16f35f\">\n\n\t\n\t\n\t<img\n\t\tsrc=\"\/wp-content\/uploads\/sites\/19\/2025\/07\/aarenschleife_bern_copyright_BERN_WELCOME.jpg\"\n\t\talt=\"Xebia Academy Hilversum\"\n\t\tclass=\"image__img card-simple__image-img\"\n\t\/>\n<\/picture>\n\t<div class=\"card-simple__two-column\">\n\t\t<div class=\"card-simple__content\">\n\t\t\t<h2\tclass=\"heading card-simple__heading\"\n\tdata-id=\"60cfdbd1\"\n>\n\tB\u00fcro Bern<\/h2><p class=\"paragraph card-simple__paragraph\" data-id=\"37faa88a\">\n\tUnser Xebia-B\u00fcro in Bern bringt Sie in die Bundesstadt der Schweiz und zu einer einmaligen Lernerfahrung.  <\/p>\t\t<\/div>\n\t\t<div class=\"card-simple__call2action\">\n\t\t\t\t\t<\/div>\n\t<\/div>\n<\/div>\t\t<\/div>\n\t<\/div>\n\n<\/div>\n\n<\/div>\n\t\t<\/div>\n\t<\/div>\n","protected":false},"excerpt":{"rendered":"","protected":false},"author":92,"featured_media":0,"parent":0,"menu_order":0,"comment_status":"closed","ping_status":"closed","template":"","meta":{"_acf_changed":false,"footnotes":""},"class_list":["post-1963","page","type-page","status-publish","hentry"],"acf":[],"_links":{"self":[{"href":"https:\/\/academy.xebia.com\/ch\/de\/wp-json\/wp\/v2\/pages\/1963","targetHints":{"allow":["GET"]}}],"collection":[{"href":"https:\/\/academy.xebia.com\/ch\/de\/wp-json\/wp\/v2\/pages"}],"about":[{"href":"https:\/\/academy.xebia.com\/ch\/de\/wp-json\/wp\/v2\/types\/page"}],"author":[{"embeddable":true,"href":"https:\/\/academy.xebia.com\/ch\/de\/wp-json\/wp\/v2\/users\/92"}],"replies":[{"embeddable":true,"href":"https:\/\/academy.xebia.com\/ch\/de\/wp-json\/wp\/v2\/comments?post=1963"}],"version-history":[{"count":4,"href":"https:\/\/academy.xebia.com\/ch\/de\/wp-json\/wp\/v2\/pages\/1963\/revisions"}],"predecessor-version":[{"id":2036,"href":"https:\/\/academy.xebia.com\/ch\/de\/wp-json\/wp\/v2\/pages\/1963\/revisions\/2036"}],"wp:attachment":[{"href":"https:\/\/academy.xebia.com\/ch\/de\/wp-json\/wp\/v2\/media?parent=1963"}],"curies":[{"name":"wp","href":"https:\/\/api.w.org\/{rel}","templated":true}]}}